{"id":23,"date":"2015-10-24T16:08:42","date_gmt":"2015-10-24T16:08:42","guid":{"rendered":"http:\/\/beat4people.com\/?page_id=23"},"modified":"2019-03-07T18:54:37","modified_gmt":"2019-03-07T17:54:37","slug":"aviso-legal","status":"publish","type":"page","link":"https:\/\/beat4people.com\/index.php\/aviso-legal\/","title":{"rendered":"Aviso Legal"},"content":{"rendered":"<p style=\"text-align: center;\"><strong><u>AVISO LEGAL<\/u><\/strong><\/p>\n<p><strong>El contenido de este blog tiene car\u00e1cter meramente informativo.\u00a0<\/strong><\/p>\n<p style=\"text-align: justify;\">Copyrigth: \u00a9Beat4people<\/p>\n<p class=\"c0\" style=\"text-align: justify;\"><span class=\"c3\">Informaci\u00f3n general (Ley 34\/2002)<\/span><\/p>\n<ul class=\"c7 lst-kix_list_1-0 start\">\n<li class=\"c6\" style=\"text-align: justify;\"><span class=\"c2\">Titular: Beat4people, S.L.<\/span><\/li>\n<li class=\"c6\" style=\"text-align: justify;\"><span class=\"c2\">Direcci\u00f3n: Paseo de la Castella 56,\u00a0Madrid (Espa\u00f1a).<\/span><\/li>\n<li class=\"c6\" style=\"text-align: justify;\">CIF: B86745312<\/li>\n<li class=\"c6\" style=\"text-align: justify;\"><span class=\"c2\">Contacto: info@beat4people.es Fax: 91 218 12 96<\/span><\/li>\n<\/ul>\n<p class=\"c1\"><strong>Condiciones de uso<\/strong><\/p>\n<p class=\"c1\" style=\"text-align: justify;\"><span class=\"c2\">No est\u00e1 permitida la reproducci\u00f3n total o parcial de los datos contenidos en este sitio web. Cualquier utilizaci\u00f3n de los mismos contraria a las normas en materia de propiedad intelectual, ser\u00e1 perseguida con arreglo a la legislaci\u00f3n vigente. \u00danica y exclusivamente se permite la utilizaci\u00f3n de los datos contenidos en este sitio web para solicitar servicios de consultoria al titular del dominio. Se proh\u00edbe cualquier otra utilizaci\u00f3n, especialmente el env\u00edo de publicidad.<\/span><\/p>\n<p class=\"c1\" style=\"text-align: justify;\"><span class=\"c2\">Todos los contenidos del sitio web, entendiendo por \u00e9stos, a t\u00edtulo meramente enunciativo, los textos, fotograf\u00edas, gr\u00e1ficos, im\u00e1genes, iconos, tecnolog\u00eda, software, links y dem\u00e1s contenidos audiovisuales o sonoros, as\u00ed como su dise\u00f1o gr\u00e1fico y c\u00f3digos fuente, son propiedad intelectual de Beat4people, S.L.\u00a0o de terceros, sin que puedan entenderse cedidos al usuario ninguno de los derechos de explotaci\u00f3n reconocidos por la normativa vigente en materia de propiedad intelectual sobre los mismos.<\/span><\/p>\n<p class=\"c1\" style=\"text-align: justify;\">Las marcas, nombres comerciales o signos distintivos son titularidad de Beat4people, S.L. o de terceros, sin que pueda entenderse que el acceso al sitio web atribuye alg\u00fan derecho sobre los mismos. Todos los derechos reservados. Prohibida su reproducci\u00f3n total o parcial.<\/p>\n<p class=\"c1\" style=\"text-align: justify;\"><span class=\"c2\">Beat4people, S.L. se reserva la facultad de realizar, en cualquier momento y sin necesidad de preaviso, cualquier modificaci\u00f3n o actualizaci\u00f3n de sus contenidos y servicios; de las presentes Condiciones de Uso (incluyendo los precios en ellas indicados) y, en general, de cuantos elementos integran el dise\u00f1o y configuraci\u00f3n del sitio web.<\/span><\/p>\n<p class=\"c1\" style=\"text-align: justify;\">Con los l\u00edmites establecidos en la ley, Beat4people, S.L. no asume ninguna responsabilidad derivada de la falta de veracidad, integridad, actualizaci\u00f3n y precisi\u00f3n de los datos o informaciones que se contienen en sus p\u00e1ginas de Internet.<\/p>\n<p class=\"c4\" style=\"text-align: justify;\">Protecci\u00f3n de datos de car\u00e1cter personal<\/p>\n<p class=\"c1\" style=\"text-align: justify;\"><span class=\"c2\">Para acceder a algunos de los servicios que Beat4people, S.L. ofrece a trav\u00e9s de este sitio web, el usuario deber\u00e1 proporcionar algunos datos de car\u00e1cter personal. En cumplimiento de lo establecido en la Ley Org\u00e1nica 15\/1999, de 13 de diciembre, de Protecci\u00f3n de Datos de Car\u00e1cter Personal, le informamos que los datos personales que nos facilite quedar\u00e1n incorporados y ser\u00e1n tratados en los ficheros de Jos\u00e9 Garc\u00eda, con el fin de poderle prestar los servicios solicitados, as\u00ed como para mantenerle informado, incluso por medios electr\u00f3nicos, de los productos y servicios comercializados por Beat4people, S.L., o bien por terceras entidades pertenecientes o dirigidas al sector art\u00edstico.<\/span><\/p>\n<p class=\"c1\" style=\"text-align: justify;\">Puede ejercer los derechos de acceso, rectificaci\u00f3n, cancelaci\u00f3n y oposici\u00f3n a sus datos de car\u00e1cter personal mediante correo electr\u00f3nico dirigido a\u00a0<a href=\"http:\/\/derechobancario.org\/contacto\/\" target=\"_blank\" rel=\"noopener noreferrer\">info@b<\/a>eat4people.es.<\/p>\n<p class=\"c0\" style=\"text-align: justify;\">Exclusi\u00f3n de Garant\u00edas y Responsabilidad<\/p>\n<p class=\"c1\" style=\"text-align: justify;\"><span class=\"c2\">Beat4people, S.L. no garantiza la disponibilidad y continuidad del funcionamiento del sitio web y de sus servicios. Cuando ello sea razonablemente posible, Beat4people, S.L.\u00a0advertir\u00e1 previamente de las interrupciones en el funcionamiento del sitio web y de sus servicios. Beat4people, S.L. tampoco garantiza la utilidad del sitio web y de sus servicios para la realizaci\u00f3n de ninguna actividad en particular, ni su infalibilidad y, en particular, aunque no de modo exclusivo, que los Usuarios puedan efectivamente utilizar el sitio web y sus servicios, acceder a las distintas p\u00e1ginas que forman el sitio web o a aquellas desde las que se prestan los servicios.<\/span><\/p>\n<p class=\"c1\" style=\"text-align: justify;\">Legislaci\u00f3n aplicable y jurisdicci\u00f3n competente<\/p>\n<p class=\"c1\" style=\"text-align: justify;\"><span class=\"c2\">La utilizaci\u00f3n, uso o cualquier aspecto relacionado con las presentes Condiciones de Uso, quedan sujetos a la legislaci\u00f3n espa\u00f1ola y a los Juzgados y Tribunales de Madrid (Espa\u00f1a).<\/span><\/p>\n<p class=\"c1\" style=\"text-align: justify;\"><span class=\"c2\">No obstante, en aquellos supuestos en que el Usuario ostente la consideraci\u00f3n de consumidor seg\u00fan establece el art\u00edculo 3 del Real Decreto Legislativo 1\/2007, de 16 de noviembre, por el que se aprueba el texto refundido de la Ley General para la Defensa de los Consumidores y Usuarios, Beat4people, S.L. se someter\u00e1 expresamente a la jurisdicci\u00f3n de los tribunales que sean competentes seg\u00fan la legislaci\u00f3n vigente en cada momento.<\/span><\/p>\n<p class=\"c1\" style=\"text-align: justify;\"><span class=\"c2\">Las presentes Condiciones de Uso \u00fanicamente est\u00e1n disponibles en lengua castellana. Si usted tiene alguna duda sobre la utilizaci\u00f3n de la informaci\u00f3n contenida en derechobancario\u00a0puede contactar con Beat4people, S.L. mediante el correo electr\u00f3nico <a href=\"http:\/\/derechobancario.org\/contacto\/\" target=\"_blank\" rel=\"noopener noreferrer\">info@b<\/a>eat4people.es.<\/span><\/p>\n","protected":false},"excerpt":{"rendered":"<p>AVISO LEGAL El contenido de este blog tiene car\u00e1cter meramente informativo.\u00a0 Copyrigth: \u00a9Beat4people Informaci\u00f3n general (Ley 34\/2002) Titular: Beat4people, S.L. Direcci\u00f3n: Paseo de la Castella 56,\u00a0Madrid (Espa\u00f1a). CIF: B86745312 Contacto: info@beat4people.es Fax: 91 218 12 96 Condiciones de uso No est\u00e1 permitida la reproducci\u00f3n total o parcial de los datos contenidos en este sitio web. <\/p>\n","protected":false},"author":1,"featured_media":0,"parent":0,"menu_order":0,"comment_status":"closed","ping_status":"closed","template":"","meta":{"jetpack_post_was_ever_published":false,"footnotes":""},"aioseo_notices":[],"jetpack_sharing_enabled":true,"jetpack_likes_enabled":true,"jetpack-related-posts":[],"_links":{"self":[{"href":"https:\/\/beat4people.com\/index.php\/wp-json\/wp\/v2\/pages\/23"}],"collection":[{"href":"https:\/\/beat4people.com\/index.php\/wp-json\/wp\/v2\/pages"}],"about":[{"href":"https:\/\/beat4people.com\/index.php\/wp-json\/wp\/v2\/types\/page"}],"author":[{"embeddable":true,"href":"https:\/\/beat4people.com\/index.php\/wp-json\/wp\/v2\/users\/1"}],"replies":[{"embeddable":true,"href":"https:\/\/beat4people.com\/index.php\/wp-json\/wp\/v2\/comments?post=23"}],"version-history":[{"count":1,"href":"https:\/\/beat4people.com\/index.php\/wp-json\/wp\/v2\/pages\/23\/revisions"}],"predecessor-version":[{"id":2043,"href":"https:\/\/beat4people.com\/index.php\/wp-json\/wp\/v2\/pages\/23\/revisions\/2043"}],"wp:attachment":[{"href":"https:\/\/beat4people.com\/index.php\/wp-json\/wp\/v2\/media?parent=23"}],"curies":[{"name":"wp","href":"https:\/\/api.w.org\/{rel}","templated":true}]}}