{"id":25,"date":"2015-10-24T16:21:52","date_gmt":"2015-10-24T16:21:52","guid":{"rendered":"http:\/\/beat4people.com\/?page_id=25"},"modified":"2015-10-24T16:21:52","modified_gmt":"2015-10-24T16:21:52","slug":"politica-de-contenidos","status":"publish","type":"page","link":"https:\/\/beat4people.com\/index.php\/politica-de-contenidos\/","title":{"rendered":"Politica de contenidos"},"content":{"rendered":"<p style=\"text-align: justify;\">El Blog de Beat4people se reserva el derecho de suspender o cancelar, total o parcialmente, con o sin previo aviso, cualquier contenido que infrinja las presentes condiciones de uso del Blog. A t\u00edtulo enunciativo y no limitativo, el usuario se compromete a no realizar ninguna de las siguientes actividades:<\/p>\n<ul>\n<li style=\"text-align: justify;\">Difamar, calumniar, ofender o insultar en este Blog, a otras personas, colectivos o entidades.<\/li>\n<li style=\"text-align: justify;\">Introducir o difundir contenidos o propaganda de car\u00e1cter racista, hom\u00f3fobo, xen\u00f3fobo, excesivamente violento, de apolog\u00eda del terrorismo o que atenten contra los derechos humanos.<\/li>\n<li style=\"text-align: justify;\">Plagiar, copiar o utilizar contenidos de otras personas o medios sin su consentimiento, as\u00ed como difundir, transmitir o poner a disposici\u00f3n de terceros cualquier tipo de informaci\u00f3n, elemento o contenido que suponga una violaci\u00f3n de los derechos de propiedad intelectual e industrial, patentes, marcas, copyright que correspondan a esPublico o a terceros.<\/li>\n<li style=\"text-align: justify;\">Suplantar a otras personas, colectivos o entidades.<\/li>\n<li style=\"text-align: justify;\">Realizar actividades de explotaci\u00f3n comercial, como la promoci\u00f3n de productos y servicios, sin la autorizaci\u00f3n del Blog de Beat4people.<\/li>\n<li style=\"text-align: justify;\">Publicar contenidos donde se difundan o promocionen, libros, publicaciones, etc. de otras editoriales que sean competencia directa de Beat4people.<\/li>\n<\/ul>\n","protected":false},"excerpt":{"rendered":"<p>El Blog de Beat4people se reserva el derecho de suspender o cancelar, total o parcialmente, con o sin previo aviso, cualquier contenido que infrinja las presentes condiciones de uso del Blog. A t\u00edtulo enunciativo y no limitativo, el usuario se compromete a no realizar ninguna de las siguientes actividades: Difamar, calumniar, ofender o insultar en <\/p>\n","protected":false},"author":1,"featured_media":0,"parent":0,"menu_order":0,"comment_status":"closed","ping_status":"closed","template":"","meta":{"jetpack_post_was_ever_published":false,"footnotes":""},"aioseo_notices":[],"jetpack_sharing_enabled":true,"jetpack_likes_enabled":true,"jetpack-related-posts":[],"_links":{"self":[{"href":"https:\/\/beat4people.com\/index.php\/wp-json\/wp\/v2\/pages\/25"}],"collection":[{"href":"https:\/\/beat4people.com\/index.php\/wp-json\/wp\/v2\/pages"}],"about":[{"href":"https:\/\/beat4people.com\/index.php\/wp-json\/wp\/v2\/types\/page"}],"author":[{"embeddable":true,"href":"https:\/\/beat4people.com\/index.php\/wp-json\/wp\/v2\/users\/1"}],"replies":[{"embeddable":true,"href":"https:\/\/beat4people.com\/index.php\/wp-json\/wp\/v2\/comments?post=25"}],"version-history":[{"count":0,"href":"https:\/\/beat4people.com\/index.php\/wp-json\/wp\/v2\/pages\/25\/revisions"}],"wp:attachment":[{"href":"https:\/\/beat4people.com\/index.php\/wp-json\/wp\/v2\/media?parent=25"}],"curies":[{"name":"wp","href":"https:\/\/api.w.org\/{rel}","templated":true}]}}